{"id":28,"date":"2024-02-14T14:49:35","date_gmt":"2024-02-14T14:49:35","guid":{"rendered":"https:\/\/bariumbay.it\/?page_id=28"},"modified":"2026-05-08T10:25:15","modified_gmt":"2026-05-08T10:25:15","slug":"homepage","status":"publish","type":"page","link":"https:\/\/bariumbay.it\/","title":{"rendered":"Homepage"},"content":{"rendered":"<div id=\"sliderApertura\" class=\"carousel slide\" data-bs-ride=\"carousel\" style=\"position: relative\">\n  <div class=\"carousel-indicators\" style=\"position: absolute; bottom: 0\">\n          <button type=\"button\" data-bs-target=\"#sliderApertura\" data-bs-slide-to=\"0\" class=\"active\" aria-label=\"Slide 0\"><\/button>\n      <\/div>\n  <div class=\"carousel-inner\">\n          <div class=\"carousel-item active\">\n        <div style=\"background-image: url('https:\/\/bariumbay.it\/wp-content\/uploads\/2024\/02\/LMwebsite_elements_Slider_Header-13.png'); background-size: cover; background-position: center; width: 100%; height: 100%\"><\/div>\n        <div class=\"containerLupiae carousel-caption\">\n          <h3>Un impianto per la produzione di energia eolica nell\u2019Adriatico Meridionale<\/h3>\n                  <\/div>\n      <\/div>\n      <\/div>\n<\/div>\n\n\n<section id=\"numeri\">\n  <div class=\"containerLupiae py_10\">\n    <div class=\"d-flex flex-wrap justify-content-center\">\n              <div class=\"single\">\n          <img decoding=\"async\" src=\"https:\/\/bariumbay.it\/wp-content\/uploads\/2024\/02\/BB_ICON-3.png\" alt=\"\">\n          <h5>1.110 MW<\/h5>\n          <span>Potenza Complessiva<\/span>\n        <\/div>\n              <div class=\"single\">\n          <img decoding=\"async\" src=\"https:\/\/bariumbay.it\/wp-content\/uploads\/2024\/02\/BB_ICON-5.png\" alt=\"\">\n          <h5>1.100.000<\/h5>\n          <span>Famiglie<\/span>\n        <\/div>\n              <div class=\"single\">\n          <img decoding=\"async\" src=\"https:\/\/bariumbay.it\/wp-content\/uploads\/2024\/02\/BB_ICON-6.png\" alt=\"\">\n          <h5>1.300.000 t<\/h5>\n          <span>di CO<sub>2<\/sub> Evitata<\/span>\n        <\/div>\n          <\/div>\n  <\/div>\n<\/section>\n\n\n<section id=\"parco\" class=\"py_10 test\">\n  <div class=\"containerLupiae\">\n    <h2 class=\"text-white text-center fw-bold display-4 mb-3 pb-3\">Il Progetto<\/h2>\n    <p class=\"text-white\"><div class=\"page\" title=\"Page 1\">\n<div class=\"section\">\n<div class=\"layoutArea\">\n<div class=\"column\" style=\"text-align: justify\">\n<p>Il progetto Barium Bay prevede la realizzazione di un impianto galleggiante per la produzione di energia elettrica attraverso l\u2019utilizzo di turbine eoliche offshore.<\/p>\n<\/div>\n<\/div>\n<\/div>\n<\/div>\n<\/p>\n  <\/div>\n    <div class=\"containerLupiae pt_5\">\n    <div class=\"parcoFaq\">\n              <div class=\"single\">\n          <h3 class=\"text-white fw-bold pt-3 pb-1 d-flex\">\n            L&#039;impianto            <span id=\"apriFaq0\" class=\"ms-auto apriFaq\">+<\/span>\n          <\/h3>\n          <p class=\"text-white fw-light\"><p>\u2022L\u2019impianto, dalla potenza complessiva di 1.110 MW, sar\u00e0 composto da un minino di 61 e un massimo di 74 turbine.<\/p>\n<p>\u2022 Le fondazioni degli aerogeneratori sono galleggianti semisommergibili, secondo le tecnologie pi\u00f9 mature e idonee.<\/p>\n<p>\u2022 Le sottostazioni di trasformazione da 66kV a 380kV dell&#8217;energia elettrica prodotta dalle turbine sono realizzate in mare e installate tramite fondazioni fisse.<\/p>\n<p>\u2022 L&#8217;impianto sar\u00e0 collegato alla RTN tramite una nuova stazione 400 kV nel territorio di Andria in connessione alle linee &#8220;Andria-Brindisi Sud&#8221; e &#8220;Foggia-Palo del Colle&#8221;. Il collegamento alla nuova stazione avverr\u00e0 tramite cavidotto interrato AT che dall&#8217;approdo dal mare nella zona industriale di Barletta attraverser\u00e0 nel sedime stradale i comuni di Barletta, Trani e Andria.<\/p>\n<\/p>\n        <\/div>\n              <div class=\"single\">\n          <h3 class=\"text-white fw-bold pt-3 pb-1 d-flex\">\n            L&#039;ubicazione            <span id=\"apriFaq1\" class=\"ms-auto apriFaq\">+<\/span>\n          <\/h3>\n          <p class=\"text-white fw-light\"><p>La scelta della localizzazione dell\u2019opera \u00e8 stata eseguita tenendo conto di diversi aspetti:<\/p>\n<p>\u2022 Intensit\u00e0 del vento al largo delle coste.<\/p>\n<p>\u2022 Caratteristiche del fondale marino.<\/p>\n<p>\u2022 Distanza dalla costa e minimizzazione dell\u2019intervisibilit\u00e0 e percettibilit\u00e0 delle opere a mare.<\/p>\n<p>\u2022 Impatto sulla pesca locale.<\/p>\n<p>\u2022 Assenza di vincoli ambientali, militari e minerari.<\/p>\n<p>\u2022 Compatibilit\u00e0 con le principali rotte e il traffico navale in ingresso e in uscita dai porti.<\/p>\n<p>L\u2019identificazione dell\u2019area si \u00e8 basata sugli studi del progetto POWERED\u2013Project of Offshore Wind Energy: Research, Experimentation, Development, sviluppato nell\u2019ambito del programma di cooperazione transfrontaliero IPA-Adriatic dell\u2019Unione Europea, avente come obiettivo la valutazione delle potenzialit\u00e0 del mare Adriatico in rapporto all\u2019installazione di centrali eoliche offshore. In particolare, Barium Bay si trova in un\u2019area molto distante dalla costa, in modo da ridurre gli impatti paesaggistici e l\u2019interferenza con le attivit\u00e0 antropiche.<\/p>\n<\/p>\n        <\/div>\n          <\/div>\n  <\/div>\n  <\/section>\n\n\n<section id=\"inter\" style=\"background-image: url('https:\/\/bariumbay.it\/wp-content\/uploads\/2024\/02\/LMwebsite_elements_interv-15.png')\">\n  <div class=\"w-100 d-flex flex-column align-items-center mb-3 pb-3\">\n    <h2 class=\"text-center fw-bold display-6 mb-0\" style=\"color: #fff\">L&#039;INTERVISIBILIT\u00c0<\/h2>\n      <\/div>\n    <div class=\"containerLupiae py_10\">\n    <div id=\"sliderInter\" class=\"carousel slide\" data-bs-ride=\"carousel\">\n\n      <div class=\"carousel-indicators d-md-none d-flex\" id=\"indicatorsMobile\">\n                  <button type=\"button\" data-bs-target=\"#sliderInter\" data-bs-slide-to=\"0\" class=\"active\" aria-label=\"Slide 0\"><\/button>\n                  <button type=\"button\" data-bs-target=\"#sliderInter\" data-bs-slide-to=\"1\" class=\"\" aria-label=\"Slide 1\"><\/button>\n                  <button type=\"button\" data-bs-target=\"#sliderInter\" data-bs-slide-to=\"2\" class=\"\" aria-label=\"Slide 2\"><\/button>\n                  <button type=\"button\" data-bs-target=\"#sliderInter\" data-bs-slide-to=\"3\" class=\"\" aria-label=\"Slide 3\"><\/button>\n              <\/div>\n\n      <div class=\"carousel-indicators d-none d-md-flex\" id=\"indicatorsDesk\">\n                    <button type=\"button\" data-bs-target=\"#sliderInter\" data-bs-slide-to=\"0\" class=\"active\" aria-label=\"Slide 0\"><\/button>\n                <\/div>\n\n      <div class=\"carousel-inner\">\n                  <div class=\"singleCard\">\n            <div class=\"singleCardText\">\n              <h4>Vieste <span><br \/>(FG)<\/span><\/h4>\n              <h5>Distanze dal parco eolico<\/h5>\n              <i class=\"fa-solid fa-chevron-down\"><\/i>\n              <div class=\"distanze\">\n                <h6>MINIMA <span>55 KM<\/span><\/h6>\n                <hr>\n                <h6>MASSIMA <span>87 KM<\/span><\/h6>\n              <\/div>\n            <\/div>\n            <a href=\"https:\/\/bariumbay.it\/wp-content\/uploads\/2024\/03\/Scheda_intervisibilita-_Vieste-scaled.jpg\" class=\"singleCardButton fancybox\">Scopri<\/a>\n          <\/div>\n                  <div class=\"singleCard\">\n            <div class=\"singleCardText\">\n              <h4>Barletta <span><br \/>(BAT)<\/span><\/h4>\n              <h5>Distanze dal parco eolico<\/h5>\n              <i class=\"fa-solid fa-chevron-down\"><\/i>\n              <div class=\"distanze\">\n                <h6>MINIMA <span>54 KM<\/span><\/h6>\n                <hr>\n                <h6>MASSIMA <span>67 KM<\/span><\/h6>\n              <\/div>\n            <\/div>\n            <a href=\"https:\/\/bariumbay.it\/wp-content\/uploads\/2024\/03\/Scheda_intervisibilita_Barletta-scaled.jpg\" class=\"singleCardButton fancybox\">Scopri<\/a>\n          <\/div>\n                  <div class=\"singleCard\">\n            <div class=\"singleCardText\">\n              <h4>Bari <span><br \/>(BA)<\/span><\/h4>\n              <h5>Distanze dal parco eolico<\/h5>\n              <i class=\"fa-solid fa-chevron-down\"><\/i>\n              <div class=\"distanze\">\n                <h6>MINIMA <span>45 KM<\/span><\/h6>\n                <hr>\n                <h6>MASSIMA <span>64 KM<\/span><\/h6>\n              <\/div>\n            <\/div>\n            <a href=\"https:\/\/bariumbay.it\/wp-content\/uploads\/2025\/07\/Scheda_intervisibilita_Bari_REV_page-0001.jpg\" class=\"singleCardButton fancybox\">Scopri<\/a>\n          <\/div>\n                  <div class=\"singleCard\">\n            <div class=\"singleCardText\">\n              <h4>Mola di Bari <span><br \/>(BA)<\/span><\/h4>\n              <h5>Distanze dal parco eolico<\/h5>\n              <i class=\"fa-solid fa-chevron-down\"><\/i>\n              <div class=\"distanze\">\n                <h6>MINIMA <span>45 KM<\/span><\/h6>\n                <hr>\n                <h6>MASSIMA <span>75 KM<\/span><\/h6>\n              <\/div>\n            <\/div>\n            <a href=\"https:\/\/bariumbay.it\/wp-content\/uploads\/2024\/03\/Scheda_intervisibilita_MolaDiBari-scaled.jpg\" class=\"singleCardButton fancybox\">Scopri<\/a>\n          <\/div>\n              <\/div>\n    <\/div>\n    <div id=\"fancyCont\"><\/div>\n  <\/div>\n  <\/section>\n<div class=\"w-100 d-flex flex-column align-items-center justify-content-center\" style=\"padding-top: 5rem\">\n    <h2 class=\"display-4\" style=\"font-weight: 600; color: #57a6d7\">GOOGLE MAPS<\/h2>\n<\/div>\n<div class=\"hope-map-section\">\n    \t\t<div class=\"hope-map-wrapper\" id=\"hope-map-1-wrapper\">\n\t\t\t<!-- Container della mappa -->\n\t\t\t<div\n\t\t\t\tclass=\"hope-map-container\"\n\t\t\t\tid=\"hope-map-1\"\n\t\t\t\tstyle=\"width: 100%; height: 800px;\"\n\t\t\t\tdata-map-id=\"hope-map-1\"\n\t\t\t>\n\t\t\t\t<!-- Loader durante il caricamento -->\n\t\t\t\t<div class=\"hope-map-loader\">\n\t\t\t\t\t<div class=\"hope-loader-spinner\"><\/div>\n\t\t\t\t\t<p>Caricamento mappa&#8230;<\/p>\n\t\t\t\t<\/div>\n\t\t\t<\/div>\n\n\t\t\t<!-- Modale per i dettagli del punto -->\n\t\t\t<div class=\"hope-map-modal\" id=\"hope-map-1-modal\">\n\t\t\t\t<div class=\"hope-modal-overlay\"><\/div>\n\t\t\t\t<div class=\"hope-modal-content\">\n\t\t\t\t\t<button class=\"hope-modal-close\" aria-label=\"Chiudi\">\n\t\t\t\t\t\t<span>&times;<\/span>\n\t\t\t\t\t<\/button>\n\t\t\t\t\t<div class=\"hope-modal-body\">\n\t\t\t\t\t\t<!-- Contenuto dinamico iniettato via JavaScript -->\n\t\t\t\t\t<\/div>\n\t\t\t\t<\/div>\n\t\t\t<\/div>\n\n\t\t<\/div>\n\t\t<\/div>\n\n\n<section id=\"faq\" class=\"py_10 test\">\n  <div class=\"containerLupiae\">\n    <h2 class=\"text-white text-center fw-bold display-4 mb-3 pb-3\">FAQ<\/h2>\n      <\/div>\n    <div class=\"containerLupiae pt_5\" style=\"max-width: 1200px\">\n    <div class=\"parcoFaq d-flex flex-column flex-md-row\">\n              <div class=\"single\">\n          <h3 class=\"text-white fw-bold pt-3 pb-1 d-flex\">Quali sono i vantaggi dell\u2019energia eolica?<\/h3>\n          <p class=\"text-white fw-light\"><p>L\u2019energia eolica \u00e8 una delle principali fonti di energia rinnovabile che si possono sviluppare in Italia. Garantisce zero emissioni nella fase di generazione, riducendo direttamente l\u2019impatto ambientale e sulla salute nelle zone limitrofe all\u2019impianto, rispetto a una centrale a gas o a carbone, e aumenta l\u2019indipendenza energetica grazie a una maggiore produzione nazionale.<\/p>\n<\/p>\n        <\/div>\n              <div class=\"single\">\n          <h3 class=\"text-white fw-bold pt-3 pb-1 d-flex\">Perch\u00e9 un parco eolico offshore?<\/h3>\n          <p class=\"text-white fw-light\"><p>Rispetto agli impianti a terra, un impianto a mare pu\u00f2 contare su venti pi\u00f9 costanti e pi\u00f9 forti, grazie anche all\u2019assenza di barriere fisiche che facciano da schermo, che garantiscono quindi una maggiore produzione ed efficienza. Inoltre, gli impatti visivi e acustici sono notevolmente ridotti e pressoch\u00e9 azzerati grazie alla considerevole distanza degli aerogeneratori dalla costa.<\/p>\n<\/p>\n        <\/div>\n              <div class=\"single\">\n          <h3 class=\"text-white fw-bold pt-3 pb-1 d-flex\">In che modo la pesca locale ne beneficia?<\/h3>\n          <p class=\"text-white fw-light\"><p>L\u2019impianto offshore produce due tipologie di benefici per la pesca locale: agisce come fonte di dissuasione e di potenziale disturbo per attivit\u00e0 illegali di pesca a strascico e protegge le aree pi\u00f9 prossime alla costa, dando luogo alla formazione di un\u2019area marina protetta, con effetti positivi sul ripopolamento ittico.<\/p>\n<\/p>\n        <\/div>\n          <\/div>\n  <\/div>\n  <\/section>\n\n\n<section id=\"chisiamo\" class=\"py_10\" style=\"background-color: #e1eef8;\">\n  <div class=\"containerLupiae\">\n    <h2 class=\"text-center fw-bold display-4 mb-3 pb-3\" style=\"color: #395879!important\">CHI SIAMO<\/h2>\n    <p style=\"color: #788aac!important;\"><p>Barium Bay s.r.l. \u00e8 una societ\u00e0 di scopo costituita da Galileo, piattaforma paneuropea per lo sviluppo delle energie rinnovabili e Gruppo Hope, societ\u00e0 attiva nella progettazione di impianti rinnovabili e di idrogeno verde.<\/p>\n<\/p>\n  <\/div>\n  <div class=\"containerLupiae py_10\">\n    <div class=\"d-flex justify-content-center flex-wrap\">\n              <span class=\"loghi_chisiamo\"><img decoding=\"async\" src=\"https:\/\/bariumbay.it\/wp-content\/uploads\/2024\/02\/LM-07.png\" alt=\"\"><\/span>\n              <span class=\"loghi_chisiamo\"><img decoding=\"async\" src=\"https:\/\/bariumbay.it\/wp-content\/uploads\/2026\/05\/logo_hope_gruppo-e1748594956665.png\" alt=\"\"><\/span>\n          <\/div>\n  <\/div>\n<\/section>\n","protected":false},"excerpt":{"rendered":"","protected":false},"author":3,"featured_media":0,"parent":0,"menu_order":0,"comment_status":"closed","ping_status":"closed","template":"","meta":{"_acf_changed":false,"footnotes":""},"class_list":["post-28","page","type-page","status-publish","hentry"],"acf":[],"yoast_head":"<!-- This site is optimized with the Yoast SEO plugin v27.5 - https:\/\/yoast.com\/product\/yoast-seo-wordpress\/ -->\n<title>Barium Bay<\/title>\n<meta name=\"robots\" content=\"index, follow, max-snippet:-1, max-image-preview:large, max-video-preview:-1\" \/>\n<link rel=\"canonical\" href=\"https:\/\/bariumbay.it\/\" \/>\n<meta property=\"og:locale\" content=\"it_IT\" \/>\n<meta property=\"og:type\" content=\"article\" \/>\n<meta property=\"og:title\" content=\"Barium Bay\" \/>\n<meta property=\"og:url\" content=\"https:\/\/bariumbay.it\/\" \/>\n<meta property=\"og:site_name\" content=\"Barium Bay\" \/>\n<meta property=\"article:modified_time\" content=\"2026-05-08T10:25:15+00:00\" \/>\n<meta name=\"twitter:card\" content=\"summary_large_image\" \/>\n<script type=\"application\/ld+json\" class=\"yoast-schema-graph\">{\"@context\":\"https:\\\/\\\/schema.org\",\"@graph\":[{\"@type\":\"WebPage\",\"@id\":\"https:\\\/\\\/bariumbay.it\\\/\",\"url\":\"https:\\\/\\\/bariumbay.it\\\/\",\"name\":\"Barium Bay\",\"isPartOf\":{\"@id\":\"https:\\\/\\\/bariumbay.it\\\/#website\"},\"datePublished\":\"2024-02-14T14:49:35+00:00\",\"dateModified\":\"2026-05-08T10:25:15+00:00\",\"breadcrumb\":{\"@id\":\"https:\\\/\\\/bariumbay.it\\\/#breadcrumb\"},\"inLanguage\":\"it-IT\",\"potentialAction\":[{\"@type\":\"ReadAction\",\"target\":[\"https:\\\/\\\/bariumbay.it\\\/\"]}]},{\"@type\":\"BreadcrumbList\",\"@id\":\"https:\\\/\\\/bariumbay.it\\\/#breadcrumb\",\"itemListElement\":[{\"@type\":\"ListItem\",\"position\":1,\"name\":\"Home\",\"item\":\"https:\\\/\\\/bariumbay.it\\\/\"},{\"@type\":\"ListItem\",\"position\":2,\"name\":\"Homepage\"}]},{\"@type\":\"WebSite\",\"@id\":\"https:\\\/\\\/bariumbay.it\\\/#website\",\"url\":\"https:\\\/\\\/bariumbay.it\\\/\",\"name\":\"Barium Bay\",\"description\":\"\",\"potentialAction\":[{\"@type\":\"SearchAction\",\"target\":{\"@type\":\"EntryPoint\",\"urlTemplate\":\"https:\\\/\\\/bariumbay.it\\\/?s={search_term_string}\"},\"query-input\":{\"@type\":\"PropertyValueSpecification\",\"valueRequired\":true,\"valueName\":\"search_term_string\"}}],\"inLanguage\":\"it-IT\"}]}<\/script>\n<!-- \/ Yoast SEO plugin. -->","yoast_head_json":{"title":"Barium Bay","robots":{"index":"index","follow":"follow","max-snippet":"max-snippet:-1","max-image-preview":"max-image-preview:large","max-video-preview":"max-video-preview:-1"},"canonical":"https:\/\/bariumbay.it\/","og_locale":"it_IT","og_type":"article","og_title":"Barium Bay","og_url":"https:\/\/bariumbay.it\/","og_site_name":"Barium Bay","article_modified_time":"2026-05-08T10:25:15+00:00","twitter_card":"summary_large_image","schema":{"@context":"https:\/\/schema.org","@graph":[{"@type":"WebPage","@id":"https:\/\/bariumbay.it\/","url":"https:\/\/bariumbay.it\/","name":"Barium Bay","isPartOf":{"@id":"https:\/\/bariumbay.it\/#website"},"datePublished":"2024-02-14T14:49:35+00:00","dateModified":"2026-05-08T10:25:15+00:00","breadcrumb":{"@id":"https:\/\/bariumbay.it\/#breadcrumb"},"inLanguage":"it-IT","potentialAction":[{"@type":"ReadAction","target":["https:\/\/bariumbay.it\/"]}]},{"@type":"BreadcrumbList","@id":"https:\/\/bariumbay.it\/#breadcrumb","itemListElement":[{"@type":"ListItem","position":1,"name":"Home","item":"https:\/\/bariumbay.it\/"},{"@type":"ListItem","position":2,"name":"Homepage"}]},{"@type":"WebSite","@id":"https:\/\/bariumbay.it\/#website","url":"https:\/\/bariumbay.it\/","name":"Barium Bay","description":"","potentialAction":[{"@type":"SearchAction","target":{"@type":"EntryPoint","urlTemplate":"https:\/\/bariumbay.it\/?s={search_term_string}"},"query-input":{"@type":"PropertyValueSpecification","valueRequired":true,"valueName":"search_term_string"}}],"inLanguage":"it-IT"}]}},"_links":{"self":[{"href":"https:\/\/bariumbay.it\/index.php?rest_route=\/wp\/v2\/pages\/28","targetHints":{"allow":["GET"]}}],"collection":[{"href":"https:\/\/bariumbay.it\/index.php?rest_route=\/wp\/v2\/pages"}],"about":[{"href":"https:\/\/bariumbay.it\/index.php?rest_route=\/wp\/v2\/types\/page"}],"author":[{"embeddable":true,"href":"https:\/\/bariumbay.it\/index.php?rest_route=\/wp\/v2\/users\/3"}],"replies":[{"embeddable":true,"href":"https:\/\/bariumbay.it\/index.php?rest_route=%2Fwp%2Fv2%2Fcomments&post=28"}],"version-history":[{"count":4,"href":"https:\/\/bariumbay.it\/index.php?rest_route=\/wp\/v2\/pages\/28\/revisions"}],"predecessor-version":[{"id":256,"href":"https:\/\/bariumbay.it\/index.php?rest_route=\/wp\/v2\/pages\/28\/revisions\/256"}],"wp:attachment":[{"href":"https:\/\/bariumbay.it\/index.php?rest_route=%2Fwp%2Fv2%2Fmedia&parent=28"}],"curies":[{"name":"wp","href":"https:\/\/api.w.org\/{rel}","templated":true}]}}